{"id":14438,"date":"2025-04-29T15:09:24","date_gmt":"2025-04-29T13:09:24","guid":{"rendered":"https:\/\/www.gima-ziegel.de\/?page_id=14438"},"modified":"2025-05-02T10:42:28","modified_gmt":"2025-05-02T08:42:28","slug":"bewerbung","status":"publish","type":"page","link":"https:\/\/www.gima-ziegel.de\/de\/bewerbung\/","title":{"rendered":"Bewerbungsfragebogen"},"content":{"rendered":"<div class=\"wpb-content-wrapper\"><p>[vc_row full_width=&#8220;stretch_row_content&#8220;][vc_column]\n    <div class=\"vc-header-white-left white-bar\">\n        <div class=\"image-wrapper\">\n            <div class=\"image\"\n                 style=\"background: url('https:\/\/www.gima-ziegel.de\/wp-content\/uploads\/GIMA-TONERDE-Web_CF036018-1-scaled.jpg')\">\n                                    <div class=\"image-copyright\">\n                        Alexander Bernhard                    <\/div>\n                            <\/div>\n        <\/div>\n        <div class=\"header-text\">\n\t\t                <div class=\"text\">\n\t\t\t                        <p class=\"pre-headline\">Jetzt durchstarten<\/p>\n\t\t\t    \t\t\t                        <h1>Mit Ihrer Bewerbung                    <\/h1>\n\t\t\t                <\/div>\n        <\/div>\n        <div class=\"container\">\n            <div class=\"box-wrapper\">\n                <div class=\"box-title\">\n                    <p>bewerben<\/p>\n                <\/div>\n                <div class=\"box-content\">\n                    <div class=\"bold-text\">\n                        <p>Sie interessieren sich speziell f\u00fcr eine der ausgeschrieben Stellen oder m\u00f6chten sich initiativ bei uns bewerben? Dann f\u00fcllen Sie ganz einfach unser Bewerbungsformular aus und beantworten so viele Punkte wie m\u00f6glich. Mit der \u00dcbermittlung Ihrer Bewerbung erkl\u00e4ren Sie sich mit der Verarbeitung Ihrer personenbezogenen Daten im Rahmen des Bewerbungsverfahrens gem\u00e4\u00df unserer Datenschutzerkl\u00e4rung einverstanden.<\/p>\n                    <\/div>\n                    <div class=\"text\">\n                        <p>Wir melden uns zeitnah bei Ihnen zur\u00fcck. F\u00fcr Fragen kontaktieren Sie uns jederzeit gerne per E-Mail an burkl@gima-ziegel.de<\/p>\n                    <\/div>\n                <\/div>\n                <div class=\"buttons\">\n\t\t\t            <a class=\"bld-btn\" target=\"_blank\"        href=\"https:\/\/www.gima-ziegel.de\/wp-content\/uploads\/Datenschutzinformation-fuer-Bewerber-GIMA.pdf\">+ Datenschutz f\u00fcr Bewerbungen<\/a>\n\n        <a class=\"bld-btn\" target=\"_blank\"        href=\"https:\/\/www.gima-ziegel.de\/de\/jobs\/#stellen\">+ Jobs<\/a>\n\n        <a class=\"bld-btn\" target=\"_blank\"        href=\"https:\/\/www.gima-ziegel.de\/de\/jobs\/#ausbildung\">+ Ausbildung<\/a>\n\n                    <\/div>\n            <\/div>\n            <div class=\"clearfix\"><\/div>\n        <\/div>\n            <\/div>\n\n\n    [\/vc_column][\/vc_row][vc_section][vc_row][vc_column]\n    <div class=\"heading heading-widget\">\n        <p class=\"pre-headline\"><\/p>\n\t\t            <h2>Bewerbungsformular<\/h2>\n\t\t    <\/div>\n\n\n\t[\/vc_column][\/vc_row][vc_row][vc_column][vc_column_text css=&#8220;&#8220;]<div class=\"frm_forms  with_frm_style frm_style_formidable-style\" id=\"frm_form_5_container\" >\n<form enctype=\"multipart\/form-data\" method=\"post\" class=\"frm-show-form  frm_js_validate  frm_ajax_submit  frm_pro_form \" id=\"form_bewerbungsfragebogen\" >\n<div class=\"frm_form_fields \">\n<fieldset>\n<legend class=\"frm_screen_reader\">Bewerbungsfragebogen<\/legend>\r\n\r\n<div class=\"frm_fields_container\">\n<input type=\"hidden\" name=\"frm_action\" value=\"create\" \/>\n<input type=\"hidden\" name=\"form_id\" value=\"5\" \/>\n<input type=\"hidden\" name=\"frm_hide_fields_5\" id=\"frm_hide_fields_5\" value=\"\" \/>\n<input type=\"hidden\" name=\"form_key\" value=\"bewerbungsfragebogen\" \/>\n<input type=\"hidden\" name=\"item_meta[0]\" value=\"\" \/>\n<input type=\"hidden\" id=\"frm_submit_entry_5\" name=\"frm_submit_entry_5\" value=\"8b85b394c9\" \/><input type=\"hidden\" name=\"_wp_http_referer\" value=\"\/de\/wp-json\/wp\/v2\/pages\/14438\" \/><div id=\"frm_field_53_container\" class=\"frm_form_field form-field  frm_required_field frm_top_container frm12 frm_first\">\r\n    <label for=\"field_dx6jt3\" id=\"field_dx6jt3_label\" class=\"frm_primary_label\">Vorname\r\n        <span class=\"frm_required\" aria-hidden=\"true\">*<\/span>\r\n    <\/label>\r\n    <input  type=\"text\" id=\"field_dx6jt3\" name=\"item_meta[53]\" value=\"\"  data-reqmsg=\"Dieses Feld darf nicht leer sein.\" aria-required=\"true\" data-invmsg=\"Text ist ung\u00fcltig\" aria-invalid=\"false\"   \/>\r\n    \r\n    \r\n<\/div>\n<div id=\"frm_field_54_container\" class=\"frm_form_field form-field  frm_required_field frm_top_container frm12 frm_first\">\r\n    <label for=\"field_ewnoy3\" id=\"field_ewnoy3_label\" class=\"frm_primary_label\">Nachname\r\n        <span class=\"frm_required\" aria-hidden=\"true\">*<\/span>\r\n    <\/label>\r\n    <input  type=\"text\" id=\"field_ewnoy3\" name=\"item_meta[54]\" value=\"\"  data-reqmsg=\"Dieses Feld darf nicht leer sein.\" aria-required=\"true\" data-invmsg=\"Text ist ung\u00fcltig\" aria-invalid=\"false\"   \/>\r\n    \r\n    \r\n<\/div>\n<div id=\"frm_field_55_container\" class=\"frm_form_field form-field  frm_required_field frm_top_container\">\r\n    <label for=\"field_7gtsz3\" id=\"field_7gtsz3_label\" class=\"frm_primary_label\">Stra\u00dfe\r\n        <span class=\"frm_required\" aria-hidden=\"true\">*<\/span>\r\n    <\/label>\r\n    <input  type=\"text\" id=\"field_7gtsz3\" name=\"item_meta[55]\" value=\"\"  data-reqmsg=\"Dieses Feld darf nicht leer sein.\" aria-required=\"true\" data-invmsg=\"Text ist ung\u00fcltig\" aria-invalid=\"false\"   \/>\r\n    \r\n    \r\n<\/div>\n<div id=\"frm_field_56_container\" class=\"frm_form_field form-field  frm_required_field frm_top_container frm6 frm_first\">\r\n    <label for=\"field_vfbbd3\" id=\"field_vfbbd3_label\" class=\"frm_primary_label\">PLZ\r\n        <span class=\"frm_required\" aria-hidden=\"true\">*<\/span>\r\n    <\/label>\r\n    <input  type=\"text\" id=\"field_vfbbd3\" name=\"item_meta[56]\" value=\"\"  data-reqmsg=\"Dieses Feld darf nicht leer sein.\" aria-required=\"true\" data-invmsg=\"Text ist ung\u00fcltig\" aria-invalid=\"false\"   \/>\r\n    \r\n    \r\n<\/div>\n<div id=\"frm_field_57_container\" class=\"frm_form_field form-field  frm_required_field frm_top_container frm6\">\r\n    <label for=\"field_348df3\" id=\"field_348df3_label\" class=\"frm_primary_label\">Ort\r\n        <span class=\"frm_required\" aria-hidden=\"true\">*<\/span>\r\n    <\/label>\r\n    <input  type=\"text\" id=\"field_348df3\" name=\"item_meta[57]\" value=\"\"  data-reqmsg=\"Dieses Feld darf nicht leer sein.\" aria-required=\"true\" data-invmsg=\"Text ist ung\u00fcltig\" aria-invalid=\"false\"   \/>\r\n    \r\n    \r\n<\/div>\n<div id=\"frm_field_58_container\" class=\"frm_form_field form-field  frm_required_field frm_top_container frm12 frm_first\">\r\n    <label for=\"field_jttw93\" id=\"field_jttw93_label\" class=\"frm_primary_label\">E-Mail\r\n        <span class=\"frm_required\" aria-hidden=\"true\">*<\/span>\r\n    <\/label>\r\n    <input type=\"email\" id=\"field_jttw93\" name=\"item_meta[58]\" value=\"\"  data-reqmsg=\"Dieses Feld darf nicht leer sein.\" aria-required=\"true\" data-invmsg=\"E-Mail ist ung\u00fcltig\" aria-invalid=\"false\"  \/>\r\n    \r\n    \r\n<\/div>\n<div id=\"frm_field_59_container\" class=\"frm_form_field form-field  frm_required_field frm_top_container frm12 frm_first\">\r\n    <label for=\"field_bwedr2\" id=\"field_bwedr2_label\" class=\"frm_primary_label\">Telefon\r\n        <span class=\"frm_required\" aria-hidden=\"true\">*<\/span>\r\n    <\/label>\r\n    <input  type=\"text\" id=\"field_bwedr2\" name=\"item_meta[59]\" value=\"\"  data-reqmsg=\"Dieses Feld darf nicht leer sein.\" aria-required=\"true\" data-invmsg=\"Text ist ung\u00fcltig\" aria-invalid=\"false\"   \/>\r\n    \r\n    \r\n<\/div>\n<div id=\"frm_field_69_container\" class=\"frm_form_field form-field  frm_top_container frm6 frm_first\">\r\n\t<label for=\"field_2s2ca\" id=\"field_2s2ca_label\" class=\"frm_primary_label\">Geburtsdatum\r\n\t\t<span class=\"frm_required\" aria-hidden=\"true\"><\/span>\r\n\t<\/label>\r\n\t<input  type=\"text\" id=\"field_2s2ca\" name=\"item_meta[69]\" value=\"\"  data-invmsg=\"Geburtsdatum ist ung\u00fcltig\" aria-invalid=\"false\"   \/>\r\n\t\r\n\t\r\n<\/div>\n<div id=\"frm_field_70_container\" class=\"frm_form_field form-field  frm_top_container frm6\">\r\n\t<label for=\"field_ma6jg\" id=\"field_ma6jg_label\" class=\"frm_primary_label\">Staatsangeh\u00f6rigkeit\r\n\t\t<span class=\"frm_required\" aria-hidden=\"true\"><\/span>\r\n\t<\/label>\r\n\t<input  type=\"text\" id=\"field_ma6jg\" name=\"item_meta[70]\" value=\"\"  data-invmsg=\"Staatsangeh\u00f6rigkeit ist ung\u00fcltig\" aria-invalid=\"false\"   \/>\r\n\t\r\n\t\r\n<\/div>\n<div id=\"frm_field_72_container\" class=\"frm_form_field form-field  frm_top_container frm6 frm_first\">\r\n\t<label for=\"field_q7wim\" id=\"field_q7wim_label\" class=\"frm_primary_label\">Aufenthaltserlaubnis von\r\n\t\t<span class=\"frm_required\" aria-hidden=\"true\"><\/span>\r\n\t<\/label>\r\n\t<input type=\"text\" id=\"field_q7wim\" name=\"item_meta[72]\" value=\"\"  maxlength=\"10\" data-invmsg=\"Aufenthaltserlaubnis von ist ung\u00fcltig\" class=\"frm_date\" aria-invalid=\"false\"  \/>\r\n\t\r\n\t\r\n<\/div>\n<div id=\"frm_field_73_container\" class=\"frm_form_field form-field  frm_top_container frm6\">\r\n\t<label for=\"field_w2sfl\" id=\"field_w2sfl_label\" class=\"frm_primary_label\">Aufenthaltserlaubnis bis\r\n\t\t<span class=\"frm_required\" aria-hidden=\"true\"><\/span>\r\n\t<\/label>\r\n\t<input type=\"text\" id=\"field_w2sfl\" name=\"item_meta[73]\" value=\"\"  maxlength=\"10\" data-invmsg=\"Aufenthaltserlaubnis bis ist ung\u00fcltig\" class=\"frm_date\" aria-invalid=\"false\"  \/>\r\n\t\r\n\t\r\n<\/div>\n<div id=\"frm_field_78_container\" class=\"frm_form_field form-field  frm_top_container frm12 frm_first\">\r\n    <label for=\"field_qebx9\" id=\"field_qebx9_label\" class=\"frm_primary_label\">H\u00f6chster Schulabschluss\r\n        <span class=\"frm_required\" aria-hidden=\"true\"><\/span>\r\n    <\/label>\r\n    <input  type=\"text\" id=\"field_qebx9\" name=\"item_meta[78]\" value=\"\"  data-invmsg=\"Text ist ung\u00fcltig\" aria-invalid=\"false\"   \/>\r\n    \r\n    \r\n<\/div>\n<div id=\"frm_field_77_container\" class=\"frm_form_field form-field  frm_top_container frm12 frm_first\">\r\n    <label for=\"field_shhaf\" id=\"field_shhaf_label\" class=\"frm_primary_label\">Berufsausbildung\r\n        <span class=\"frm_required\" aria-hidden=\"true\"><\/span>\r\n    <\/label>\r\n    <input  type=\"text\" id=\"field_shhaf\" name=\"item_meta[77]\" value=\"\"  data-invmsg=\"Text ist ung\u00fcltig\" aria-invalid=\"false\"   \/>\r\n    \r\n    \r\n<\/div>\n<div id=\"frm_field_79_container\" class=\"frm_form_field form-field  frm_top_container frm12 frm_first\">\r\n    <label for=\"field_xssy0\" id=\"field_xssy0_label\" class=\"frm_primary_label\">Weiterbildungen\r\n        <span class=\"frm_required\" aria-hidden=\"true\"><\/span>\r\n    <\/label>\r\n    <input  type=\"text\" id=\"field_xssy0\" name=\"item_meta[79]\" value=\"\"  data-invmsg=\"Text ist ung\u00fcltig\" aria-invalid=\"false\"   \/>\r\n    \r\n    \r\n<\/div>\n<div id=\"frm_field_90_container\" class=\"frm_form_field form-field  frm_top_container frm12 frm_first\">\r\n\t<label for=\"field_2ygvw\" id=\"field_2ygvw_label\" class=\"frm_primary_label\">Bisherige Arbeitsstellen: Firma, Beruf, Position\r\n\t\t<span class=\"frm_required\" aria-hidden=\"true\"><\/span>\r\n\t<\/label>\r\n\t<textarea name=\"item_meta[90]\" id=\"field_2ygvw\" rows=\"5\"  data-invmsg=\"Bisherige Arbeitsstellen: Firma, Beruf, Position ist ung\u00fcltig\" aria-invalid=\"false\"  ><\/textarea>\r\n\t\r\n\t\r\n<\/div>\n<div id=\"frm_field_80_container\" class=\"frm_form_field form-field  frm_top_container frm12 frm_first\">\r\n    <label for=\"field_qmj60\" id=\"field_qmj60_label\" class=\"frm_primary_label\">Fremdsprachen\r\n        <span class=\"frm_required\" aria-hidden=\"true\"><\/span>\r\n    <\/label>\r\n    <input  type=\"text\" id=\"field_qmj60\" name=\"item_meta[80]\" value=\"\"  data-invmsg=\"Text ist ung\u00fcltig\" aria-invalid=\"false\"   \/>\r\n    \r\n    \r\n<\/div>\n<div id=\"frm_field_91_container\" class=\"frm_form_field form-field  frm_top_container frm12 frm_first\">\r\n    <label for=\"field_7zf3o\" id=\"field_7zf3o_label\" class=\"frm_primary_label\">Besondere Kenntnisse und F\u00e4higkeiten\r\n        <span class=\"frm_required\" aria-hidden=\"true\"><\/span>\r\n    <\/label>\r\n    <input  type=\"text\" id=\"field_7zf3o\" name=\"item_meta[91]\" value=\"\"  data-invmsg=\"Text ist ung\u00fcltig\" aria-invalid=\"false\"   \/>\r\n    \r\n    \r\n<\/div>\n<div id=\"frm_field_83_container\" class=\"frm_form_field form-field  frm_top_container vertical_radio\">\r\n\t<div  id=\"field_1uqat_label\" class=\"frm_primary_label\">F\u00fchrerschein\r\n\t\t<span class=\"frm_required\" aria-hidden=\"true\"><\/span>\r\n\t<\/div>\r\n\t<div class=\"frm_opt_container\" aria-labelledby=\"field_1uqat_label\" role=\"group\">\t\t<div class=\"frm_checkbox\" id=\"frm_checkbox_83-0\">\t\t\t<label  for=\"field_1uqat-0\">\n\t\t\t<input type=\"checkbox\" name=\"item_meta[83][]\" id=\"field_1uqat-0\" value=\"Ja\"  data-invmsg=\"F\u00fchrerschein ist ung\u00fcltig\"   \/> Ja<\/label><\/div>\n\t\t<div class=\"frm_checkbox\" id=\"frm_checkbox_83-1\">\t\t\t<label  for=\"field_1uqat-1\">\n\t\t\t<input type=\"checkbox\" name=\"item_meta[83][]\" id=\"field_1uqat-1\" value=\"Nein\"  data-invmsg=\"F\u00fchrerschein ist ung\u00fcltig\"   \/> Nein<\/label><\/div>\n<\/div>\r\n\t\r\n\t\r\n<\/div>\n<div id=\"frm_field_85_container\" class=\"frm_form_field form-field  frm_top_container\">\r\n\t<label for=\"field_sylz1\" id=\"field_sylz1_label\" class=\"frm_primary_label\">M\u00f6glicher Arbeitsbeginn\r\n\t\t<span class=\"frm_required\" aria-hidden=\"true\"><\/span>\r\n\t<\/label>\r\n\t<input type=\"text\" id=\"field_sylz1\" name=\"item_meta[85]\" value=\"\"  maxlength=\"10\" data-invmsg=\"M\u00f6glicher Arbeitsbeginn ist ung\u00fcltig\" class=\"frm_date\" aria-invalid=\"false\"  \/>\r\n\t\r\n\t\r\n<\/div>\n<div id=\"frm_field_66_container\" class=\"frm_form_field form-field  frm_top_container\">\r\n    <label for=\"field_h7l0d3\" id=\"field_h7l0d3_label\" class=\"frm_primary_label\">F\u00fcr welche Stelle interessieren Sie sich?\r\n        <span class=\"frm_required\" aria-hidden=\"true\"><\/span>\r\n    <\/label>\r\n    <input  type=\"text\" id=\"field_h7l0d3\" name=\"item_meta[66]\" value=\"\"  data-invmsg=\"Text ist ung\u00fcltig\" aria-invalid=\"false\"   \/>\r\n    \r\n    \r\n<\/div>\n<div id=\"frm_field_67_container\" class=\"frm_form_field form-field  frm_required_field frm_top_container frm12 frm_first vertical_radio\">\r\n    <div  id=\"field_rbrd3_label\" class=\"frm_primary_label\">Verarbeitung der Anmeldedaten\r\n        <span class=\"frm_required\" aria-hidden=\"true\">*<\/span>\r\n    <\/div>\r\n    <div class=\"frm_opt_container\" aria-labelledby=\"field_rbrd3_label\" role=\"radiogroup\" aria-required=\"true\">\t\t<div class=\"frm_radio\" id=\"frm_radio_67-0\">\t\t\t<label  for=\"field_rbrd3-0\">\n\t\t\t\t\t<input type=\"radio\" name=\"item_meta[67]\" id=\"field_rbrd3-0\" value=\"Ich willige ein in die Verarbeitung der angegebenen Daten. Diese werden ausschlie\u00dflich zum Zweck der Bewerbung f\u00fcr eine Anstellung bei der Girnghuber GmbH erhoben.\"\n\t\t data-reqmsg=\"Dieses Feld darf nicht leer sein.\" data-invmsg=\"Verarbeitung der Anmeldedaten ist ung\u00fcltig\"   \/> Ich willige ein in die Verarbeitung der angegebenen Daten. Diese werden ausschlie\u00dflich zum Zweck der Bewerbung f\u00fcr eine Anstellung bei der Girnghuber GmbH erhoben.<\/label><\/div>\n<\/div>\r\n    \r\n    \r\n<\/div>\n<div id=\"frm_field_68_container\" class=\"frm_form_field form-field \">\r\n\t<div class=\"frm_submit\">\r\n\r\n<button class=\"frm_button_submit frm_final_submit\" type=\"submit\"   formnovalidate=\"formnovalidate\">Bewerben<\/button>\r\n\r\n<\/div>\r\n<\/div>\n\t<input type=\"hidden\" name=\"item_key\" value=\"\" \/>\n\t\t\t<div id=\"frm_field_125_container\">\n\t\t\t<label for=\"field_ydpz\" >\n\t\t\t\tFalls Du menschlich bist, lasse dieses Feld leer.\t\t\t<\/label>\n\t\t\t<input  id=\"field_ydpz\" type=\"text\" class=\"frm_form_field form-field frm_verify\" name=\"item_meta[125]\" value=\"\"  \/>\n\t\t<\/div>\n\t\t<input name=\"frm_state\" type=\"hidden\" value=\"8iRPmfhkQd+zZ6BYEbo7LKnYBLZ1MF\/zv4Ccl34SgTRIeuBo9t3ndiD2YBS2Z5Ka\" \/><\/div>\n<\/fieldset>\n<\/div>\n\n<\/form>\n<\/div>\n[\/vc_column_text][\/vc_column][\/vc_row][\/vc_section]<\/p>\n<\/div>","protected":false},"excerpt":{"rendered":"<p>[vc_row full_width=&#8220;stretch_row_content&#8220;][vc_column][\/vc_column][\/vc_row][vc_section][vc_row][vc_column][\/vc_column][\/vc_row][vc_row][vc_column][vc_column_text css=&#8220;&#8220;][\/vc_column_text][\/vc_column][\/vc_row][\/vc_section]<\/p>\n","protected":false},"author":3,"featured_media":0,"parent":0,"menu_order":9,"comment_status":"closed","ping_status":"closed","template":"","meta":{"_acf_changed":false,"footnotes":""},"class_list":["post-14438","page","type-page","status-publish","hentry"],"acf":[],"yoast_head":"<!-- This site is optimized with the Yoast SEO plugin v27.5 - https:\/\/yoast.com\/product\/yoast-seo-wordpress\/ -->\n<title>GIMA - Qualit\u00e4t aus Ton - Bewerbungsfragebogen<\/title>\n<meta name=\"robots\" content=\"index, follow, max-snippet:-1, max-image-preview:large, max-video-preview:-1\" \/>\n<link rel=\"canonical\" href=\"https:\/\/www.gima-ziegel.de\/de\/bewerbung\/\" \/>\n<meta property=\"og:locale\" content=\"de_DE\" \/>\n<meta property=\"og:type\" content=\"article\" \/>\n<meta property=\"og:title\" content=\"GIMA - Qualit\u00e4t aus Ton - Bewerbungsfragebogen\" \/>\n<meta property=\"og:description\" content=\"[vc_row full_width=&#8220;stretch_row_content&#8220;][vc_column][\/vc_column][\/vc_row][vc_section][vc_row][vc_column][\/vc_column][\/vc_row][vc_row][vc_column][vc_column_text css=&#8220;&#8220;][\/vc_column_text][\/vc_column][\/vc_row][\/vc_section]\" \/>\n<meta property=\"og:url\" content=\"https:\/\/www.gima-ziegel.de\/de\/bewerbung\/\" \/>\n<meta property=\"og:site_name\" content=\"Gima\" \/>\n<meta property=\"article:modified_time\" content=\"2025-05-02T08:42:28+00:00\" \/>\n<meta name=\"twitter:card\" content=\"summary_large_image\" \/>\n<meta name=\"twitter:label1\" content=\"Gesch\u00e4tzte Lesezeit\" \/>\n\t<meta name=\"twitter:data1\" content=\"1\u00a0Minute\" \/>\n<script type=\"application\/ld+json\" class=\"yoast-schema-graph\">{\"@context\":\"https:\\\/\\\/schema.org\",\"@graph\":[{\"@type\":\"WebPage\",\"@id\":\"https:\\\/\\\/www.gima-ziegel.de\\\/de\\\/bewerbung\\\/\",\"url\":\"https:\\\/\\\/www.gima-ziegel.de\\\/de\\\/bewerbung\\\/\",\"name\":\"GIMA - Qualit\u00e4t aus Ton - Bewerbungsfragebogen\",\"isPartOf\":{\"@id\":\"https:\\\/\\\/www.gima-ziegel.de\\\/en\\\/#website\"},\"datePublished\":\"2025-04-29T13:09:24+00:00\",\"dateModified\":\"2025-05-02T08:42:28+00:00\",\"breadcrumb\":{\"@id\":\"https:\\\/\\\/www.gima-ziegel.de\\\/de\\\/bewerbung\\\/#breadcrumb\"},\"inLanguage\":\"de\",\"potentialAction\":[{\"@type\":\"ReadAction\",\"target\":[\"https:\\\/\\\/www.gima-ziegel.de\\\/de\\\/bewerbung\\\/\"]}]},{\"@type\":\"BreadcrumbList\",\"@id\":\"https:\\\/\\\/www.gima-ziegel.de\\\/de\\\/bewerbung\\\/#breadcrumb\",\"itemListElement\":[{\"@type\":\"ListItem\",\"position\":1,\"name\":\"Startseite\",\"item\":\"https:\\\/\\\/www.gima-ziegel.de\\\/de\\\/\"},{\"@type\":\"ListItem\",\"position\":2,\"name\":\"Bewerbungsfragebogen\"}]},{\"@type\":\"WebSite\",\"@id\":\"https:\\\/\\\/www.gima-ziegel.de\\\/en\\\/#website\",\"url\":\"https:\\\/\\\/www.gima-ziegel.de\\\/en\\\/\",\"name\":\"Gima\",\"description\":\"Qualit\u00e4t aus Ton\",\"potentialAction\":[{\"@type\":\"SearchAction\",\"target\":{\"@type\":\"EntryPoint\",\"urlTemplate\":\"https:\\\/\\\/www.gima-ziegel.de\\\/en\\\/?s={search_term_string}\"},\"query-input\":{\"@type\":\"PropertyValueSpecification\",\"valueRequired\":true,\"valueName\":\"search_term_string\"}}],\"inLanguage\":\"de\"}]}<\/script>\n<!-- \/ Yoast SEO plugin. -->","yoast_head_json":{"title":"GIMA - Qualit\u00e4t aus Ton - Bewerbungsfragebogen","robots":{"index":"index","follow":"follow","max-snippet":"max-snippet:-1","max-image-preview":"max-image-preview:large","max-video-preview":"max-video-preview:-1"},"canonical":"https:\/\/www.gima-ziegel.de\/de\/bewerbung\/","og_locale":"de_DE","og_type":"article","og_title":"GIMA - Qualit\u00e4t aus Ton - Bewerbungsfragebogen","og_description":"[vc_row full_width=&#8220;stretch_row_content&#8220;][vc_column][\/vc_column][\/vc_row][vc_section][vc_row][vc_column][\/vc_column][\/vc_row][vc_row][vc_column][vc_column_text css=&#8220;&#8220;][\/vc_column_text][\/vc_column][\/vc_row][\/vc_section]","og_url":"https:\/\/www.gima-ziegel.de\/de\/bewerbung\/","og_site_name":"Gima","article_modified_time":"2025-05-02T08:42:28+00:00","twitter_card":"summary_large_image","twitter_misc":{"Gesch\u00e4tzte Lesezeit":"1\u00a0Minute"},"schema":{"@context":"https:\/\/schema.org","@graph":[{"@type":"WebPage","@id":"https:\/\/www.gima-ziegel.de\/de\/bewerbung\/","url":"https:\/\/www.gima-ziegel.de\/de\/bewerbung\/","name":"GIMA - Qualit\u00e4t aus Ton - Bewerbungsfragebogen","isPartOf":{"@id":"https:\/\/www.gima-ziegel.de\/en\/#website"},"datePublished":"2025-04-29T13:09:24+00:00","dateModified":"2025-05-02T08:42:28+00:00","breadcrumb":{"@id":"https:\/\/www.gima-ziegel.de\/de\/bewerbung\/#breadcrumb"},"inLanguage":"de","potentialAction":[{"@type":"ReadAction","target":["https:\/\/www.gima-ziegel.de\/de\/bewerbung\/"]}]},{"@type":"BreadcrumbList","@id":"https:\/\/www.gima-ziegel.de\/de\/bewerbung\/#breadcrumb","itemListElement":[{"@type":"ListItem","position":1,"name":"Startseite","item":"https:\/\/www.gima-ziegel.de\/de\/"},{"@type":"ListItem","position":2,"name":"Bewerbungsfragebogen"}]},{"@type":"WebSite","@id":"https:\/\/www.gima-ziegel.de\/en\/#website","url":"https:\/\/www.gima-ziegel.de\/en\/","name":"Gima","description":"Qualit\u00e4t aus Ton","potentialAction":[{"@type":"SearchAction","target":{"@type":"EntryPoint","urlTemplate":"https:\/\/www.gima-ziegel.de\/en\/?s={search_term_string}"},"query-input":{"@type":"PropertyValueSpecification","valueRequired":true,"valueName":"search_term_string"}}],"inLanguage":"de"}]}},"_links":{"self":[{"href":"https:\/\/www.gima-ziegel.de\/de\/wp-json\/wp\/v2\/pages\/14438","targetHints":{"allow":["GET"]}}],"collection":[{"href":"https:\/\/www.gima-ziegel.de\/de\/wp-json\/wp\/v2\/pages"}],"about":[{"href":"https:\/\/www.gima-ziegel.de\/de\/wp-json\/wp\/v2\/types\/page"}],"author":[{"embeddable":true,"href":"https:\/\/www.gima-ziegel.de\/de\/wp-json\/wp\/v2\/users\/3"}],"replies":[{"embeddable":true,"href":"https:\/\/www.gima-ziegel.de\/de\/wp-json\/wp\/v2\/comments?post=14438"}],"version-history":[{"count":12,"href":"https:\/\/www.gima-ziegel.de\/de\/wp-json\/wp\/v2\/pages\/14438\/revisions"}],"predecessor-version":[{"id":14450,"href":"https:\/\/www.gima-ziegel.de\/de\/wp-json\/wp\/v2\/pages\/14438\/revisions\/14450"}],"wp:attachment":[{"href":"https:\/\/www.gima-ziegel.de\/de\/wp-json\/wp\/v2\/media?parent=14438"}],"curies":[{"name":"wp","href":"https:\/\/api.w.org\/{rel}","templated":true}]}}