{"id":14563,"date":"2025-06-26T15:04:42","date_gmt":"2025-06-26T13:04:42","guid":{"rendered":"https:\/\/www.gima-ziegel.de\/?page_id=14563"},"modified":"2025-06-26T15:04:42","modified_gmt":"2025-06-26T13:04:42","slug":"barrierefreiheit","status":"publish","type":"page","link":"https:\/\/www.gima-ziegel.de\/de\/barrierefreiheit\/","title":{"rendered":"Barrierefreiheit"},"content":{"rendered":"<div class=\"wpb-content-wrapper\"><p>[vc_section][vc_row][vc_column][vc_column_text css=&#8220;&#8220;]<\/p>\n<h1>Erkl\u00e4rung zur Barrierefreiheit<\/h1>\n<p><strong>Stand der Erkl\u00e4rung:<\/strong> Juni 2025<\/p>\n<p>Wir bem\u00fchen uns, unsere Website im Einklang mit dem <strong>Barrierefreiheitsst\u00e4rkungsgesetz (BFSG)<\/strong> sowie der zugrundeliegenden <strong>EU-Richtlinie (EU) 2019\/882<\/strong> barrierefrei zug\u00e4nglich zu machen.<\/p>\n<h2>Stand der Vereinbarkeit mit den Anforderungen<\/h2>\n<p>Diese Website ist <strong>teilweise<\/strong> barrierefrei. Sie entspricht teilweise den Anforderungen der DIN EN 301 549. Einzelne Inhalte sind derzeit noch nicht vollst\u00e4ndig barrierefrei, werden aber schrittweise angepasst.<\/p>\n<h3>Bereits umgesetzte Ma\u00dfnahmen<\/h3>\n<ul>\n<li>Grundlegende Strukturierung mit HTML5 f\u00fcr Screenreader<\/li>\n<li>Tastaturbedienbarkeit aller Funktionen<\/li>\n<li>ausreichende Farbkontraste bei Texten und Bedienelementen<\/li>\n<li>responsives Design zur Nutzung auf mobilen Endger\u00e4ten<\/li>\n<li>Verzicht auf blinkende oder flackernde Inhalte<\/li>\n<\/ul>\n<h3>Noch bestehende Barrieren<\/h3>\n<ul>\n<li>PDF-Dokumente sind derzeit nicht vollst\u00e4ndig barrierefrei<\/li>\n<li>Untertitel und Audiodeskriptionen bei Videos fehlen teilweise<\/li>\n<li>Alternative Texte f\u00fcr \u00e4ltere Bildinhalte werden erg\u00e4nzt<\/li>\n<\/ul>\n<p>Wir arbeiten kontinuierlich daran, diese Barrieren zu beheben und die Website weiter zu verbessern.<\/p>\n<h2>Feedback und Kontakt<\/h2>\n<p>Wenn Ihnen Barrieren auffallen oder Sie Hilfe bei der Nutzung unserer Website ben\u00f6tigen, kontaktieren Sie uns bitte:<\/p>\n<p>Girnghuber GmbH<br \/>\n<a href=\"mailto:info@gima-ziegel.de\">info@gima-ziegel.de<\/a><br \/>\n<a href=\"tel:+498732240\">0 87 32 \/ 24 0<\/a><\/p>\n<p>Wir freuen uns \u00fcber Hinweise und bem\u00fchen uns, diese zeitnah zu bearbeiten.<\/p>\n<h2>Durchsetzungsverfahren<\/h2>\n<p>Sollten Sie mit unserer Antwort auf Ihre R\u00fcckmeldung nicht zufrieden sein, k\u00f6nnen Sie sich an die Schlichtungsstelle nach dem Behindertengleichstellungsgesetz wenden:<\/p>\n<p><strong>Schlichtungsstelle BGG<\/strong><br \/>\n<a href=\"https:\/\/www.schlichtungsstelle-bgg.de\/\" target=\"_blank\" rel=\"noopener\">https:\/\/www.schlichtungsstelle-bgg.de\/<\/a>[\/vc_column_text][\/vc_column][\/vc_row][\/vc_section]<\/p>\n<\/div>","protected":false},"excerpt":{"rendered":"<p>[vc_section][vc_row][vc_column][vc_column_text css=&#8220;&#8220;] Erkl\u00e4rung zur Barrierefreiheit Stand der Erkl\u00e4rung: Juni 2025 Wir bem\u00fchen uns, unsere Website im Einklang mit dem Barrierefreiheitsst\u00e4rkungsgesetz (BFSG) sowie der zugrundeliegenden EU-Richtlinie (EU) 2019\/882 barrierefrei zug\u00e4nglich zu machen. Stand der Vereinbarkeit mit den Anforderungen Diese Website ist teilweise barrierefrei. Sie entspricht teilweise den Anforderungen der DIN EN 301 549. Einzelne Inhalte sind &hellip; <\/p>\n<p class=\"link-more\"><a href=\"https:\/\/www.gima-ziegel.de\/de\/barrierefreiheit\/\" class=\"more-link\">Continue reading<span class=\"screen-reader-text\"> &#8222;Barrierefreiheit&#8220;<\/span><\/a><\/p>\n","protected":false},"author":1,"featured_media":0,"parent":0,"menu_order":5,"comment_status":"closed","ping_status":"closed","template":"","meta":{"_acf_changed":false,"footnotes":""},"class_list":["post-14563","page","type-page","status-publish","hentry"],"acf":[],"yoast_head":"<!-- This site is optimized with the Yoast SEO plugin v27.5 - https:\/\/yoast.com\/product\/yoast-seo-wordpress\/ -->\n<title>GIMA - Qualit\u00e4t aus Ton - Barrierefreiheit<\/title>\n<meta name=\"robots\" content=\"index, follow, max-snippet:-1, max-image-preview:large, max-video-preview:-1\" \/>\n<link rel=\"canonical\" href=\"https:\/\/www.gima-ziegel.de\/de\/barrierefreiheit\/\" \/>\n<meta property=\"og:locale\" content=\"de_DE\" \/>\n<meta property=\"og:type\" content=\"article\" \/>\n<meta property=\"og:title\" content=\"GIMA - Qualit\u00e4t aus Ton - Barrierefreiheit\" \/>\n<meta property=\"og:description\" content=\"[vc_section][vc_row][vc_column][vc_column_text css=&#8220;&#8220;] Erkl\u00e4rung zur Barrierefreiheit Stand der Erkl\u00e4rung: Juni 2025 Wir bem\u00fchen uns, unsere Website im Einklang mit dem Barrierefreiheitsst\u00e4rkungsgesetz (BFSG) sowie der zugrundeliegenden EU-Richtlinie (EU) 2019\/882 barrierefrei zug\u00e4nglich zu machen. Stand der Vereinbarkeit mit den Anforderungen Diese Website ist teilweise barrierefrei. Sie entspricht teilweise den Anforderungen der DIN EN 301 549. Einzelne Inhalte sind &hellip; Continue reading &quot;Barrierefreiheit&quot;\" \/>\n<meta property=\"og:url\" content=\"https:\/\/www.gima-ziegel.de\/de\/barrierefreiheit\/\" \/>\n<meta property=\"og:site_name\" content=\"Gima\" \/>\n<meta name=\"twitter:card\" content=\"summary_large_image\" \/>\n<meta name=\"twitter:label1\" content=\"Gesch\u00e4tzte Lesezeit\" \/>\n\t<meta name=\"twitter:data1\" content=\"1\u00a0Minute\" \/>\n<script type=\"application\/ld+json\" class=\"yoast-schema-graph\">{\"@context\":\"https:\\\/\\\/schema.org\",\"@graph\":[{\"@type\":\"WebPage\",\"@id\":\"https:\\\/\\\/www.gima-ziegel.de\\\/de\\\/barrierefreiheit\\\/\",\"url\":\"https:\\\/\\\/www.gima-ziegel.de\\\/de\\\/barrierefreiheit\\\/\",\"name\":\"GIMA - Qualit\u00e4t aus Ton - Barrierefreiheit\",\"isPartOf\":{\"@id\":\"https:\\\/\\\/www.gima-ziegel.de\\\/en\\\/#website\"},\"datePublished\":\"2025-06-26T13:04:42+00:00\",\"breadcrumb\":{\"@id\":\"https:\\\/\\\/www.gima-ziegel.de\\\/de\\\/barrierefreiheit\\\/#breadcrumb\"},\"inLanguage\":\"de\",\"potentialAction\":[{\"@type\":\"ReadAction\",\"target\":[\"https:\\\/\\\/www.gima-ziegel.de\\\/de\\\/barrierefreiheit\\\/\"]}]},{\"@type\":\"BreadcrumbList\",\"@id\":\"https:\\\/\\\/www.gima-ziegel.de\\\/de\\\/barrierefreiheit\\\/#breadcrumb\",\"itemListElement\":[{\"@type\":\"ListItem\",\"position\":1,\"name\":\"Startseite\",\"item\":\"https:\\\/\\\/www.gima-ziegel.de\\\/de\\\/\"},{\"@type\":\"ListItem\",\"position\":2,\"name\":\"Barrierefreiheit\"}]},{\"@type\":\"WebSite\",\"@id\":\"https:\\\/\\\/www.gima-ziegel.de\\\/en\\\/#website\",\"url\":\"https:\\\/\\\/www.gima-ziegel.de\\\/en\\\/\",\"name\":\"Gima\",\"description\":\"Qualit\u00e4t aus Ton\",\"potentialAction\":[{\"@type\":\"SearchAction\",\"target\":{\"@type\":\"EntryPoint\",\"urlTemplate\":\"https:\\\/\\\/www.gima-ziegel.de\\\/en\\\/?s={search_term_string}\"},\"query-input\":{\"@type\":\"PropertyValueSpecification\",\"valueRequired\":true,\"valueName\":\"search_term_string\"}}],\"inLanguage\":\"de\"}]}<\/script>\n<!-- \/ Yoast SEO plugin. -->","yoast_head_json":{"title":"GIMA - Qualit\u00e4t aus Ton - Barrierefreiheit","robots":{"index":"index","follow":"follow","max-snippet":"max-snippet:-1","max-image-preview":"max-image-preview:large","max-video-preview":"max-video-preview:-1"},"canonical":"https:\/\/www.gima-ziegel.de\/de\/barrierefreiheit\/","og_locale":"de_DE","og_type":"article","og_title":"GIMA - Qualit\u00e4t aus Ton - Barrierefreiheit","og_description":"[vc_section][vc_row][vc_column][vc_column_text css=&#8220;&#8220;] Erkl\u00e4rung zur Barrierefreiheit Stand der Erkl\u00e4rung: Juni 2025 Wir bem\u00fchen uns, unsere Website im Einklang mit dem Barrierefreiheitsst\u00e4rkungsgesetz (BFSG) sowie der zugrundeliegenden EU-Richtlinie (EU) 2019\/882 barrierefrei zug\u00e4nglich zu machen. Stand der Vereinbarkeit mit den Anforderungen Diese Website ist teilweise barrierefrei. Sie entspricht teilweise den Anforderungen der DIN EN 301 549. Einzelne Inhalte sind &hellip; Continue reading \"Barrierefreiheit\"","og_url":"https:\/\/www.gima-ziegel.de\/de\/barrierefreiheit\/","og_site_name":"Gima","twitter_card":"summary_large_image","twitter_misc":{"Gesch\u00e4tzte Lesezeit":"1\u00a0Minute"},"schema":{"@context":"https:\/\/schema.org","@graph":[{"@type":"WebPage","@id":"https:\/\/www.gima-ziegel.de\/de\/barrierefreiheit\/","url":"https:\/\/www.gima-ziegel.de\/de\/barrierefreiheit\/","name":"GIMA - Qualit\u00e4t aus Ton - Barrierefreiheit","isPartOf":{"@id":"https:\/\/www.gima-ziegel.de\/en\/#website"},"datePublished":"2025-06-26T13:04:42+00:00","breadcrumb":{"@id":"https:\/\/www.gima-ziegel.de\/de\/barrierefreiheit\/#breadcrumb"},"inLanguage":"de","potentialAction":[{"@type":"ReadAction","target":["https:\/\/www.gima-ziegel.de\/de\/barrierefreiheit\/"]}]},{"@type":"BreadcrumbList","@id":"https:\/\/www.gima-ziegel.de\/de\/barrierefreiheit\/#breadcrumb","itemListElement":[{"@type":"ListItem","position":1,"name":"Startseite","item":"https:\/\/www.gima-ziegel.de\/de\/"},{"@type":"ListItem","position":2,"name":"Barrierefreiheit"}]},{"@type":"WebSite","@id":"https:\/\/www.gima-ziegel.de\/en\/#website","url":"https:\/\/www.gima-ziegel.de\/en\/","name":"Gima","description":"Qualit\u00e4t aus Ton","potentialAction":[{"@type":"SearchAction","target":{"@type":"EntryPoint","urlTemplate":"https:\/\/www.gima-ziegel.de\/en\/?s={search_term_string}"},"query-input":{"@type":"PropertyValueSpecification","valueRequired":true,"valueName":"search_term_string"}}],"inLanguage":"de"}]}},"_links":{"self":[{"href":"https:\/\/www.gima-ziegel.de\/de\/wp-json\/wp\/v2\/pages\/14563","targetHints":{"allow":["GET"]}}],"collection":[{"href":"https:\/\/www.gima-ziegel.de\/de\/wp-json\/wp\/v2\/pages"}],"about":[{"href":"https:\/\/www.gima-ziegel.de\/de\/wp-json\/wp\/v2\/types\/page"}],"author":[{"embeddable":true,"href":"https:\/\/www.gima-ziegel.de\/de\/wp-json\/wp\/v2\/users\/1"}],"replies":[{"embeddable":true,"href":"https:\/\/www.gima-ziegel.de\/de\/wp-json\/wp\/v2\/comments?post=14563"}],"version-history":[{"count":1,"href":"https:\/\/www.gima-ziegel.de\/de\/wp-json\/wp\/v2\/pages\/14563\/revisions"}],"predecessor-version":[{"id":14564,"href":"https:\/\/www.gima-ziegel.de\/de\/wp-json\/wp\/v2\/pages\/14563\/revisions\/14564"}],"wp:attachment":[{"href":"https:\/\/www.gima-ziegel.de\/de\/wp-json\/wp\/v2\/media?parent=14563"}],"curies":[{"name":"wp","href":"https:\/\/api.w.org\/{rel}","templated":true}]}}