{"id":4625,"date":"2020-08-31T11:39:26","date_gmt":"2020-08-31T09:39:26","guid":{"rendered":"https:\/\/www.gima-ziegel.de\/?page_id=4625"},"modified":"2020-09-27T17:03:44","modified_gmt":"2020-09-27T15:03:44","slug":"muster-form","status":"publish","type":"page","link":"https:\/\/www.gima-ziegel.de\/de\/muster-form\/","title":{"rendered":"Muster Formular"},"content":{"rendered":"<div class=\"wpb-content-wrapper\"><p>[vc_row full_width=&#8220;stretch_row_content_no_spaces&#8220; disable_element=&#8220;yes&#8220;][vc_column]\n    <div class=\"header-home\">\n\n\n                    <div class=\"header-text header-text-black\">\n                <div class=\"inner-wrapper\">\n                                            <h1>Muster<br\/>Formular                        <\/h1>\n                                    <\/div>\n            <\/div>\n                <div class=\"image-wrapper\">\n                        <div class=\"image\"\n                 style=\"background: url('https:\/\/www.gima-ziegel.de\/wp-content\/uploads\/Uebersicht_Farben_Lagersortiment.jpg')\">\n            <\/div>\n        <\/div>\n        <div class=\"clearfix\"><\/div>\n        <style>\n            @media (max-width: 1210px) {\n                .logo-white{\n                    display: none !important;\n                }\n                .site-branding {\n                    display: block !important;\n                }\n            }\n        <\/style>\n    <\/div>\n\n\n    \n    <div class=\"spacer medium\"><\/div>\n\n\n    [\/vc_column][\/vc_row]<\/p>\n<\/div>","protected":false},"excerpt":{"rendered":"<p>[vc_row full_width=&#8220;stretch_row_content_no_spaces&#8220; disable_element=&#8220;yes&#8220;][vc_column][\/vc_column][\/vc_row]<\/p>\n","protected":false},"author":1,"featured_media":0,"parent":0,"menu_order":19,"comment_status":"closed","ping_status":"closed","template":"page-templates\/muster-form.php","meta":{"_acf_changed":false,"footnotes":""},"class_list":["post-4625","page","type-page","status-publish","hentry"],"acf":[],"yoast_head":"<!-- This site is optimized with the Yoast SEO plugin v27.5 - https:\/\/yoast.com\/product\/yoast-seo-wordpress\/ -->\n<title>GIMA - Qualit\u00e4t aus Ton | Musterbestellung Anfrage<\/title>\n<meta name=\"description\" content=\"Hier k\u00f6nnen Sie Muster oder Mustertafeln direkt anfragen. Zur Entwicklung Ihrer Wunschfarbe kontaktieren Sie uns \u00fcber unser Kontaktformular.\" \/>\n<meta name=\"robots\" content=\"index, follow, max-snippet:-1, max-image-preview:large, max-video-preview:-1\" \/>\n<link rel=\"canonical\" href=\"https:\/\/www.gima-ziegel.de\/de\/muster-form\/\" \/>\n<meta property=\"og:locale\" content=\"de_DE\" \/>\n<meta property=\"og:type\" content=\"article\" \/>\n<meta property=\"og:title\" content=\"GIMA - Qualit\u00e4t aus Ton | Musterbestellung Anfrage\" \/>\n<meta property=\"og:description\" content=\"Hier k\u00f6nnen Sie Muster oder Mustertafeln direkt anfragen. Zur Entwicklung Ihrer Wunschfarbe kontaktieren Sie uns \u00fcber unser Kontaktformular.\" \/>\n<meta property=\"og:url\" content=\"https:\/\/www.gima-ziegel.de\/de\/muster-form\/\" \/>\n<meta property=\"og:site_name\" content=\"Gima\" \/>\n<meta property=\"article:modified_time\" content=\"2020-09-27T15:03:44+00:00\" \/>\n<meta name=\"twitter:card\" content=\"summary_large_image\" \/>\n<script type=\"application\/ld+json\" class=\"yoast-schema-graph\">{\"@context\":\"https:\\\/\\\/schema.org\",\"@graph\":[{\"@type\":\"WebPage\",\"@id\":\"https:\\\/\\\/www.gima-ziegel.de\\\/de\\\/muster-form\\\/\",\"url\":\"https:\\\/\\\/www.gima-ziegel.de\\\/de\\\/muster-form\\\/\",\"name\":\"GIMA - Qualit\u00e4t aus Ton | Musterbestellung Anfrage\",\"isPartOf\":{\"@id\":\"https:\\\/\\\/www.gima-ziegel.de\\\/en\\\/#website\"},\"datePublished\":\"2020-08-31T09:39:26+00:00\",\"dateModified\":\"2020-09-27T15:03:44+00:00\",\"description\":\"Hier k\u00f6nnen Sie Muster oder Mustertafeln direkt anfragen. Zur Entwicklung Ihrer Wunschfarbe kontaktieren Sie uns \u00fcber unser Kontaktformular.\",\"breadcrumb\":{\"@id\":\"https:\\\/\\\/www.gima-ziegel.de\\\/de\\\/muster-form\\\/#breadcrumb\"},\"inLanguage\":\"de\",\"potentialAction\":[{\"@type\":\"ReadAction\",\"target\":[\"https:\\\/\\\/www.gima-ziegel.de\\\/de\\\/muster-form\\\/\"]}]},{\"@type\":\"BreadcrumbList\",\"@id\":\"https:\\\/\\\/www.gima-ziegel.de\\\/de\\\/muster-form\\\/#breadcrumb\",\"itemListElement\":[{\"@type\":\"ListItem\",\"position\":1,\"name\":\"Startseite\",\"item\":\"https:\\\/\\\/www.gima-ziegel.de\\\/de\\\/\"},{\"@type\":\"ListItem\",\"position\":2,\"name\":\"Muster Formular\"}]},{\"@type\":\"WebSite\",\"@id\":\"https:\\\/\\\/www.gima-ziegel.de\\\/en\\\/#website\",\"url\":\"https:\\\/\\\/www.gima-ziegel.de\\\/en\\\/\",\"name\":\"Gima\",\"description\":\"Qualit\u00e4t aus Ton\",\"potentialAction\":[{\"@type\":\"SearchAction\",\"target\":{\"@type\":\"EntryPoint\",\"urlTemplate\":\"https:\\\/\\\/www.gima-ziegel.de\\\/en\\\/?s={search_term_string}\"},\"query-input\":{\"@type\":\"PropertyValueSpecification\",\"valueRequired\":true,\"valueName\":\"search_term_string\"}}],\"inLanguage\":\"de\"}]}<\/script>\n<!-- \/ Yoast SEO plugin. -->","yoast_head_json":{"title":"GIMA - Qualit\u00e4t aus Ton | Musterbestellung Anfrage","description":"Hier k\u00f6nnen Sie Muster oder Mustertafeln direkt anfragen. Zur Entwicklung Ihrer Wunschfarbe kontaktieren Sie uns \u00fcber unser Kontaktformular.","robots":{"index":"index","follow":"follow","max-snippet":"max-snippet:-1","max-image-preview":"max-image-preview:large","max-video-preview":"max-video-preview:-1"},"canonical":"https:\/\/www.gima-ziegel.de\/de\/muster-form\/","og_locale":"de_DE","og_type":"article","og_title":"GIMA - Qualit\u00e4t aus Ton | Musterbestellung Anfrage","og_description":"Hier k\u00f6nnen Sie Muster oder Mustertafeln direkt anfragen. Zur Entwicklung Ihrer Wunschfarbe kontaktieren Sie uns \u00fcber unser Kontaktformular.","og_url":"https:\/\/www.gima-ziegel.de\/de\/muster-form\/","og_site_name":"Gima","article_modified_time":"2020-09-27T15:03:44+00:00","twitter_card":"summary_large_image","schema":{"@context":"https:\/\/schema.org","@graph":[{"@type":"WebPage","@id":"https:\/\/www.gima-ziegel.de\/de\/muster-form\/","url":"https:\/\/www.gima-ziegel.de\/de\/muster-form\/","name":"GIMA - Qualit\u00e4t aus Ton | Musterbestellung Anfrage","isPartOf":{"@id":"https:\/\/www.gima-ziegel.de\/en\/#website"},"datePublished":"2020-08-31T09:39:26+00:00","dateModified":"2020-09-27T15:03:44+00:00","description":"Hier k\u00f6nnen Sie Muster oder Mustertafeln direkt anfragen. Zur Entwicklung Ihrer Wunschfarbe kontaktieren Sie uns \u00fcber unser Kontaktformular.","breadcrumb":{"@id":"https:\/\/www.gima-ziegel.de\/de\/muster-form\/#breadcrumb"},"inLanguage":"de","potentialAction":[{"@type":"ReadAction","target":["https:\/\/www.gima-ziegel.de\/de\/muster-form\/"]}]},{"@type":"BreadcrumbList","@id":"https:\/\/www.gima-ziegel.de\/de\/muster-form\/#breadcrumb","itemListElement":[{"@type":"ListItem","position":1,"name":"Startseite","item":"https:\/\/www.gima-ziegel.de\/de\/"},{"@type":"ListItem","position":2,"name":"Muster Formular"}]},{"@type":"WebSite","@id":"https:\/\/www.gima-ziegel.de\/en\/#website","url":"https:\/\/www.gima-ziegel.de\/en\/","name":"Gima","description":"Qualit\u00e4t aus Ton","potentialAction":[{"@type":"SearchAction","target":{"@type":"EntryPoint","urlTemplate":"https:\/\/www.gima-ziegel.de\/en\/?s={search_term_string}"},"query-input":{"@type":"PropertyValueSpecification","valueRequired":true,"valueName":"search_term_string"}}],"inLanguage":"de"}]}},"_links":{"self":[{"href":"https:\/\/www.gima-ziegel.de\/de\/wp-json\/wp\/v2\/pages\/4625","targetHints":{"allow":["GET"]}}],"collection":[{"href":"https:\/\/www.gima-ziegel.de\/de\/wp-json\/wp\/v2\/pages"}],"about":[{"href":"https:\/\/www.gima-ziegel.de\/de\/wp-json\/wp\/v2\/types\/page"}],"author":[{"embeddable":true,"href":"https:\/\/www.gima-ziegel.de\/de\/wp-json\/wp\/v2\/users\/1"}],"replies":[{"embeddable":true,"href":"https:\/\/www.gima-ziegel.de\/de\/wp-json\/wp\/v2\/comments?post=4625"}],"version-history":[{"count":14,"href":"https:\/\/www.gima-ziegel.de\/de\/wp-json\/wp\/v2\/pages\/4625\/revisions"}],"predecessor-version":[{"id":4628,"href":"https:\/\/www.gima-ziegel.de\/de\/wp-json\/wp\/v2\/pages\/4625\/revisions\/4628"}],"wp:attachment":[{"href":"https:\/\/www.gima-ziegel.de\/de\/wp-json\/wp\/v2\/media?parent=4625"}],"curies":[{"name":"wp","href":"https:\/\/api.w.org\/{rel}","templated":true}]}}