{"id":4744,"date":"2020-09-03T15:22:24","date_gmt":"2020-09-03T13:22:24","guid":{"rendered":"https:\/\/www.gima-ziegel.de\/?page_id=4744"},"modified":"2020-09-30T15:34:15","modified_gmt":"2020-09-30T13:34:15","slug":"cerpiano-haendlersuche","status":"publish","type":"page","link":"https:\/\/www.gima-ziegel.de\/de\/cerpiano-haendlersuche\/","title":{"rendered":"Cerpiano H\u00e4ndlersuche"},"content":{"rendered":"<div class=\"wpb-content-wrapper\"><p>[vc_row full_width=&#8220;stretch_row_content_no_spaces&#8220;][vc_column]\n    <div class=\"vc-header-white-left white-bar\">\n        <div class=\"image-wrapper\">\n            <div class=\"image\"\n                 style=\"background: url('https:\/\/www.gima-ziegel.de\/wp-content\/uploads\/Bad-Fuessing_Therme-1_CF013139_Alexander-Bernhard.jpg')\">\n                                    <div class=\"image-copyright\">\n                        Alexander Bernhard | LUEHRS & BACHMANN, Bad F\u00fcssing                    <\/div>\n                            <\/div>\n        <\/div>\n        <div class=\"header-text\">\n\t\t                <div class=\"text\">\n\t\t\t                        <p class=\"pre-headline\">H\u00e4ndlersuche<\/p>\n\t\t\t    \t\t\t                        <h1>Cerpiano+                    <\/h1>\n\t\t\t                <\/div>\n        <\/div>\n        <div class=\"container\">\n            <div class=\"box-wrapper\">\n                <div class=\"box-title\">\n                    <p>Treffen<\/p>\n                <\/div>\n                <div class=\"box-content\">\n                    <div class=\"bold-text\">\n                        <p>Hier finden Sie unsere H\u00e4ndler\u00fcbersicht f\u00fcr das CERPIANO+ Terrassensystem.<\/p>\n                    <\/div>\n                    <div class=\"text\">\n                        <p>Geben Sie einfach den gew\u00fcnschten Ort oder die PLZ Ihres Standorts ein und finden Sie unseren H\u00e4ndler in Ihrer N\u00e4he. Bei Klick auf den gew\u00fcnschten H\u00e4ndler in der Auswahlliste erhalten Sie alle weiteren Kontaktdaten wie Telefonnummer, E-Mail-Adresse oder vollst\u00e4ndige Adresse.<\/p>\n                    <\/div>\n                <\/div>\n                <div class=\"buttons\">\n\t\t\t                        <\/div>\n            <\/div>\n            <div class=\"clearfix\"><\/div>\n        <\/div>\n            <\/div>\n\n\n    [\/vc_column][\/vc_row][vc_section][vc_row][vc_column][vc_raw_html]JTVCcHV0X3dwZ20lMjBpZCUzRDElNUQ=[\/vc_raw_html][\/vc_column][\/vc_row][\/vc_section]<\/p>\n<\/div>","protected":false},"excerpt":{"rendered":"<p>[vc_row full_width=&#8220;stretch_row_content_no_spaces&#8220;][vc_column][\/vc_column][\/vc_row][vc_section][vc_row][vc_column][vc_raw_html]JTVCcHV0X3dwZ20lMjBpZCUzRDElNUQ=[\/vc_raw_html][\/vc_column][\/vc_row][\/vc_section]<\/p>\n","protected":false},"author":1,"featured_media":0,"parent":0,"menu_order":16,"comment_status":"closed","ping_status":"closed","template":"","meta":{"_acf_changed":false,"footnotes":""},"class_list":["post-4744","page","type-page","status-publish","hentry"],"acf":[],"yoast_head":"<!-- This site is optimized with the Yoast SEO plugin v27.4 - https:\/\/yoast.com\/product\/yoast-seo-wordpress\/ -->\n<title>GIMA - Qualit\u00e4t aus Ton | Die Cerpiano H\u00e4ndlersuche<\/title>\n<meta name=\"description\" content=\"Hier finden Sie unsere H\u00e4ndler\u00fcbersicht f\u00fcr das CERPIANO Terrassensystem. Geben Sie den gew\u00fcnschten Ort oder die PLZ Ihres Standorts ein.\" \/>\n<meta name=\"robots\" content=\"index, follow, max-snippet:-1, max-image-preview:large, max-video-preview:-1\" \/>\n<link rel=\"canonical\" href=\"https:\/\/www.gima-ziegel.de\/de\/cerpiano-haendlersuche\/\" \/>\n<meta property=\"og:locale\" content=\"de_DE\" \/>\n<meta property=\"og:type\" content=\"article\" \/>\n<meta property=\"og:title\" content=\"GIMA - Qualit\u00e4t aus Ton | Die Cerpiano H\u00e4ndlersuche\" \/>\n<meta property=\"og:description\" content=\"Hier finden Sie unsere H\u00e4ndler\u00fcbersicht f\u00fcr das CERPIANO Terrassensystem. Geben Sie den gew\u00fcnschten Ort oder die PLZ Ihres Standorts ein.\" \/>\n<meta property=\"og:url\" content=\"https:\/\/www.gima-ziegel.de\/de\/cerpiano-haendlersuche\/\" \/>\n<meta property=\"og:site_name\" content=\"Gima\" \/>\n<meta property=\"article:modified_time\" content=\"2020-09-30T13:34:15+00:00\" \/>\n<meta name=\"twitter:card\" content=\"summary_large_image\" \/>\n<meta name=\"twitter:label1\" content=\"Gesch\u00e4tzte Lesezeit\" \/>\n\t<meta name=\"twitter:data1\" content=\"1\u00a0Minute\" \/>\n<script type=\"application\/ld+json\" class=\"yoast-schema-graph\">{\"@context\":\"https:\\\/\\\/schema.org\",\"@graph\":[{\"@type\":\"WebPage\",\"@id\":\"https:\\\/\\\/www.gima-ziegel.de\\\/de\\\/cerpiano-haendlersuche\\\/\",\"url\":\"https:\\\/\\\/www.gima-ziegel.de\\\/de\\\/cerpiano-haendlersuche\\\/\",\"name\":\"GIMA - Qualit\u00e4t aus Ton | Die Cerpiano H\u00e4ndlersuche\",\"isPartOf\":{\"@id\":\"https:\\\/\\\/www.gima-ziegel.de\\\/en\\\/#website\"},\"datePublished\":\"2020-09-03T13:22:24+00:00\",\"dateModified\":\"2020-09-30T13:34:15+00:00\",\"description\":\"Hier finden Sie unsere H\u00e4ndler\u00fcbersicht f\u00fcr das CERPIANO Terrassensystem. Geben Sie den gew\u00fcnschten Ort oder die PLZ Ihres Standorts ein.\",\"breadcrumb\":{\"@id\":\"https:\\\/\\\/www.gima-ziegel.de\\\/de\\\/cerpiano-haendlersuche\\\/#breadcrumb\"},\"inLanguage\":\"de\",\"potentialAction\":[{\"@type\":\"ReadAction\",\"target\":[\"https:\\\/\\\/www.gima-ziegel.de\\\/de\\\/cerpiano-haendlersuche\\\/\"]}]},{\"@type\":\"BreadcrumbList\",\"@id\":\"https:\\\/\\\/www.gima-ziegel.de\\\/de\\\/cerpiano-haendlersuche\\\/#breadcrumb\",\"itemListElement\":[{\"@type\":\"ListItem\",\"position\":1,\"name\":\"Startseite\",\"item\":\"https:\\\/\\\/www.gima-ziegel.de\\\/de\\\/\"},{\"@type\":\"ListItem\",\"position\":2,\"name\":\"Cerpiano H\u00e4ndlersuche\"}]},{\"@type\":\"WebSite\",\"@id\":\"https:\\\/\\\/www.gima-ziegel.de\\\/en\\\/#website\",\"url\":\"https:\\\/\\\/www.gima-ziegel.de\\\/en\\\/\",\"name\":\"Gima\",\"description\":\"Qualit\u00e4t aus Ton\",\"potentialAction\":[{\"@type\":\"SearchAction\",\"target\":{\"@type\":\"EntryPoint\",\"urlTemplate\":\"https:\\\/\\\/www.gima-ziegel.de\\\/en\\\/?s={search_term_string}\"},\"query-input\":{\"@type\":\"PropertyValueSpecification\",\"valueRequired\":true,\"valueName\":\"search_term_string\"}}],\"inLanguage\":\"de\"}]}<\/script>\n<!-- \/ Yoast SEO plugin. -->","yoast_head_json":{"title":"GIMA - Qualit\u00e4t aus Ton | Die Cerpiano H\u00e4ndlersuche","description":"Hier finden Sie unsere H\u00e4ndler\u00fcbersicht f\u00fcr das CERPIANO Terrassensystem. Geben Sie den gew\u00fcnschten Ort oder die PLZ Ihres Standorts ein.","robots":{"index":"index","follow":"follow","max-snippet":"max-snippet:-1","max-image-preview":"max-image-preview:large","max-video-preview":"max-video-preview:-1"},"canonical":"https:\/\/www.gima-ziegel.de\/de\/cerpiano-haendlersuche\/","og_locale":"de_DE","og_type":"article","og_title":"GIMA - Qualit\u00e4t aus Ton | Die Cerpiano H\u00e4ndlersuche","og_description":"Hier finden Sie unsere H\u00e4ndler\u00fcbersicht f\u00fcr das CERPIANO Terrassensystem. Geben Sie den gew\u00fcnschten Ort oder die PLZ Ihres Standorts ein.","og_url":"https:\/\/www.gima-ziegel.de\/de\/cerpiano-haendlersuche\/","og_site_name":"Gima","article_modified_time":"2020-09-30T13:34:15+00:00","twitter_card":"summary_large_image","twitter_misc":{"Gesch\u00e4tzte Lesezeit":"1\u00a0Minute"},"schema":{"@context":"https:\/\/schema.org","@graph":[{"@type":"WebPage","@id":"https:\/\/www.gima-ziegel.de\/de\/cerpiano-haendlersuche\/","url":"https:\/\/www.gima-ziegel.de\/de\/cerpiano-haendlersuche\/","name":"GIMA - Qualit\u00e4t aus Ton | Die Cerpiano H\u00e4ndlersuche","isPartOf":{"@id":"https:\/\/www.gima-ziegel.de\/en\/#website"},"datePublished":"2020-09-03T13:22:24+00:00","dateModified":"2020-09-30T13:34:15+00:00","description":"Hier finden Sie unsere H\u00e4ndler\u00fcbersicht f\u00fcr das CERPIANO Terrassensystem. Geben Sie den gew\u00fcnschten Ort oder die PLZ Ihres Standorts ein.","breadcrumb":{"@id":"https:\/\/www.gima-ziegel.de\/de\/cerpiano-haendlersuche\/#breadcrumb"},"inLanguage":"de","potentialAction":[{"@type":"ReadAction","target":["https:\/\/www.gima-ziegel.de\/de\/cerpiano-haendlersuche\/"]}]},{"@type":"BreadcrumbList","@id":"https:\/\/www.gima-ziegel.de\/de\/cerpiano-haendlersuche\/#breadcrumb","itemListElement":[{"@type":"ListItem","position":1,"name":"Startseite","item":"https:\/\/www.gima-ziegel.de\/de\/"},{"@type":"ListItem","position":2,"name":"Cerpiano H\u00e4ndlersuche"}]},{"@type":"WebSite","@id":"https:\/\/www.gima-ziegel.de\/en\/#website","url":"https:\/\/www.gima-ziegel.de\/en\/","name":"Gima","description":"Qualit\u00e4t aus Ton","potentialAction":[{"@type":"SearchAction","target":{"@type":"EntryPoint","urlTemplate":"https:\/\/www.gima-ziegel.de\/en\/?s={search_term_string}"},"query-input":{"@type":"PropertyValueSpecification","valueRequired":true,"valueName":"search_term_string"}}],"inLanguage":"de"}]}},"_links":{"self":[{"href":"https:\/\/www.gima-ziegel.de\/de\/wp-json\/wp\/v2\/pages\/4744","targetHints":{"allow":["GET"]}}],"collection":[{"href":"https:\/\/www.gima-ziegel.de\/de\/wp-json\/wp\/v2\/pages"}],"about":[{"href":"https:\/\/www.gima-ziegel.de\/de\/wp-json\/wp\/v2\/types\/page"}],"author":[{"embeddable":true,"href":"https:\/\/www.gima-ziegel.de\/de\/wp-json\/wp\/v2\/users\/1"}],"replies":[{"embeddable":true,"href":"https:\/\/www.gima-ziegel.de\/de\/wp-json\/wp\/v2\/comments?post=4744"}],"version-history":[{"count":15,"href":"https:\/\/www.gima-ziegel.de\/de\/wp-json\/wp\/v2\/pages\/4744\/revisions"}],"predecessor-version":[{"id":5932,"href":"https:\/\/www.gima-ziegel.de\/de\/wp-json\/wp\/v2\/pages\/4744\/revisions\/5932"}],"wp:attachment":[{"href":"https:\/\/www.gima-ziegel.de\/de\/wp-json\/wp\/v2\/media?parent=4744"}],"curies":[{"name":"wp","href":"https:\/\/api.w.org\/{rel}","templated":true}]}}