{"id":9340,"date":"2022-10-26T10:29:45","date_gmt":"2022-10-26T08:29:45","guid":{"rendered":"https:\/\/www.gima-ziegel.de\/?page_id=9340"},"modified":"2026-04-17T12:14:06","modified_gmt":"2026-04-17T10:14:06","slug":"event","status":"publish","type":"page","link":"https:\/\/www.gima-ziegel.de\/de\/event\/","title":{"rendered":"Event"},"content":{"rendered":"<div class=\"wpb-content-wrapper\"><p>[vc_row full_width=&#8220;stretch_row_content&#8220;][vc_column]\n    <div class=\"vc-header-white-left white-bar\">\n        <div class=\"image-wrapper\">\n            <div class=\"image\"\n                 style=\"background: url('https:\/\/www.gima-ziegel.de\/wp-content\/uploads\/Geisenhausen_Verwaltungsgebaeude_Web-CF056059_Alexander-Bernhard.jpg')\">\n                                    <div class=\"image-copyright\">\n                        Alexander Bernhard                    <\/div>\n                            <\/div>\n        <\/div>\n        <div class=\"header-text\">\n\t\t                <div class=\"text\">\n\t\t\t                        <p class=\"pre-headline\">GROSSER GIMA<\/p>\n\t\t\t    \t\t\t                        <h2>WERKSVERKAUF <\/h2>\n\t\t\t                <\/div>\n        <\/div>\n        <div class=\"container\">\n            <div class=\"box-wrapper\">\n                <div class=\"box-title\">\n                    <p>Anmelden<\/p>\n                <\/div>\n                <div class=\"box-content\">\n                    <div class=\"bold-text\">\n                        <p>Am 08.05.2026 findet unser erster gro\u00dfer Werksverkauf von 13-17 Uhr statt. Erleben Sie die Vielfalt moderner Pflasterklinker \u2013 von klassischen Fl\u00e4chen bis zu individuellen L\u00f6sungen f\u00fcr den Au\u00dfenbereich. Mit gro\u00dfer Ausstellung, Fachberatung und Einblicken in die Produktion.<\/p>\n                    <\/div>\n                    <div class=\"text\">\n                        <p>Um 13.30, 14.30 und 15.30 Uhr finden Werksf\u00fchrungen statt. Bitte melden Sie sich \u00fcber das untenstehende Formular hierzu vorab an und sichern Sie sich Ihren Platz!<\/p>\n                    <\/div>\n                <\/div>\n                <div class=\"buttons\">\n\t\t\t                        <\/div>\n            <\/div>\n            <div class=\"clearfix\"><\/div>\n        <\/div>\n            <\/div>\n\n\n    [\/vc_column][\/vc_row][vc_section][vc_row disable_element=&#8220;yes&#8220;][vc_column]\n    <div class=\"heading heading-widget\">\n        <p class=\"pre-headline\"><\/p>\n\t\t            <h2>Anmeldedaten<\/h2>\n\t\t    <\/div>\n\n\n\t[\/vc_column][\/vc_row][vc_row][vc_column][vc_column_text css=&#8220;&#8220;]<div class=\"frm_forms  with_frm_style frm_style_formidable-style\" id=\"frm_form_7_container\" >\n<form enctype=\"multipart\/form-data\" method=\"post\" class=\"frm-show-form  frm_js_validate  frm_ajax_submit  frm_pro_form \" id=\"form_werksverkauf\" >\n<div class=\"frm_form_fields \">\n<fieldset>\n<legend class=\"frm_screen_reader\">Werksverkauf<\/legend>\r\n\r\n<div class=\"frm_fields_container\">\n<input type=\"hidden\" name=\"frm_action\" value=\"create\" \/>\n<input type=\"hidden\" name=\"form_id\" value=\"7\" \/>\n<input type=\"hidden\" name=\"frm_hide_fields_7\" id=\"frm_hide_fields_7\" value=\"\" \/>\n<input type=\"hidden\" name=\"form_key\" value=\"werksverkauf\" \/>\n<input type=\"hidden\" name=\"item_meta[0]\" value=\"\" \/>\n<input type=\"hidden\" id=\"frm_submit_entry_7\" name=\"frm_submit_entry_7\" value=\"061afe033e\" \/><input type=\"hidden\" name=\"_wp_http_referer\" value=\"\/de\/wp-json\/wp\/v2\/pages\/9340\" \/><div id=\"frm_field_109_container\" class=\"frm_form_field form-field  frm_required_field frm_top_container frm12 frm_first\">\r\n    <label for=\"field_dx6jt5\" id=\"field_dx6jt5_label\" class=\"frm_primary_label\">Vorname\r\n        <span class=\"frm_required\" aria-hidden=\"true\">*<\/span>\r\n    <\/label>\r\n    <input  type=\"text\" id=\"field_dx6jt5\" name=\"item_meta[109]\" value=\"\"  data-reqmsg=\"Dieses Feld darf nicht leer sein.\" aria-required=\"true\" data-invmsg=\"Text ist ung\u00fcltig\" aria-invalid=\"false\"   \/>\r\n    \r\n    \r\n<\/div>\n<div id=\"frm_field_110_container\" class=\"frm_form_field form-field  frm_required_field frm_top_container frm12 frm_first\">\r\n    <label for=\"field_ewnoy5\" id=\"field_ewnoy5_label\" class=\"frm_primary_label\">Nachname\r\n        <span class=\"frm_required\" aria-hidden=\"true\">*<\/span>\r\n    <\/label>\r\n    <input  type=\"text\" id=\"field_ewnoy5\" name=\"item_meta[110]\" value=\"\"  data-reqmsg=\"Dieses Feld darf nicht leer sein.\" aria-required=\"true\" data-invmsg=\"Text ist ung\u00fcltig\" aria-invalid=\"false\"   \/>\r\n    \r\n    \r\n<\/div>\n<div id=\"frm_field_112_container\" class=\"frm_form_field form-field  frm_required_field frm_top_container frm6 frm_first\">\r\n    <label for=\"field_vfbbd5\" id=\"field_vfbbd5_label\" class=\"frm_primary_label\">PLZ\r\n        <span class=\"frm_required\" aria-hidden=\"true\">*<\/span>\r\n    <\/label>\r\n    <input  type=\"text\" id=\"field_vfbbd5\" name=\"item_meta[112]\" value=\"\"  data-reqmsg=\"Dieses Feld darf nicht leer sein.\" aria-required=\"true\" data-invmsg=\"Text ist ung\u00fcltig\" aria-invalid=\"false\"   \/>\r\n    \r\n    \r\n<\/div>\n<div id=\"frm_field_113_container\" class=\"frm_form_field form-field  frm_required_field frm_top_container frm6\">\r\n    <label for=\"field_348df5\" id=\"field_348df5_label\" class=\"frm_primary_label\">Ort\r\n        <span class=\"frm_required\" aria-hidden=\"true\">*<\/span>\r\n    <\/label>\r\n    <input  type=\"text\" id=\"field_348df5\" name=\"item_meta[113]\" value=\"\"  data-reqmsg=\"Dieses Feld darf nicht leer sein.\" aria-required=\"true\" data-invmsg=\"Text ist ung\u00fcltig\" aria-invalid=\"false\"   \/>\r\n    \r\n    \r\n<\/div>\n<div id=\"frm_field_114_container\" class=\"frm_form_field form-field  frm_required_field frm_top_container frm12 frm_first\">\r\n    <label for=\"field_jttw95\" id=\"field_jttw95_label\" class=\"frm_primary_label\">E-Mail\r\n        <span class=\"frm_required\" aria-hidden=\"true\">*<\/span>\r\n    <\/label>\r\n    <input type=\"email\" id=\"field_jttw95\" name=\"item_meta[114]\" value=\"\"  data-reqmsg=\"Dieses Feld darf nicht leer sein.\" aria-required=\"true\" data-invmsg=\"E-Mail ist ung\u00fcltig\" aria-invalid=\"false\"  \/>\r\n    \r\n    \r\n<\/div>\n<div id=\"frm_field_116_container\" class=\"frm_form_field form-field  frm_required_field frm_top_container vertical_radio\">\r\n    <div  id=\"field_l1ku52_label\" class=\"frm_primary_label\">Ich nehme gerne an einer Werksf\u00fchrung teil.\r\n        <span class=\"frm_required\" aria-hidden=\"true\">*<\/span>\r\n    <\/div>\r\n    <div class=\"frm_opt_container\" aria-labelledby=\"field_l1ku52_label\" role=\"radiogroup\" aria-required=\"true\">\t\t<div class=\"frm_radio\" id=\"frm_radio_116-0\">\t\t\t<label  for=\"field_l1ku52-0\">\n\t\t\t\t\t<input type=\"radio\" name=\"item_meta[116]\" id=\"field_l1ku52-0\" value=\"13.30 Uhr\"\n\t\t data-reqmsg=\"Dieses Feld darf nicht leer sein.\" data-invmsg=\"Ich nehme gerne an einer Werksf\u00fchrung teil. ist ung\u00fcltig\"   \/> 13.30 Uhr<\/label><\/div>\n\t\t<div class=\"frm_radio\" id=\"frm_radio_116-2\">\t\t\t<label  for=\"field_l1ku52-2\">\n\t\t\t\t\t<input type=\"radio\" name=\"item_meta[116]\" id=\"field_l1ku52-2\" value=\"14.30 Uhr\"\n\t\t data-reqmsg=\"Dieses Feld darf nicht leer sein.\" data-invmsg=\"Ich nehme gerne an einer Werksf\u00fchrung teil. ist ung\u00fcltig\"   \/> 14.30 Uhr<\/label><\/div>\n<\/div>\r\n    \r\n    \r\n<\/div>\n<div id=\"frm_field_122_container\" class=\"frm_form_field form-field  frm_top_container\">\r\n    <label for=\"field_h7l0d5\" id=\"field_h7l0d5_label\" class=\"frm_primary_label\">Hier k\u00f6nnen Sie noch Informationen oder spezielle R\u00fcckfragen eingeben.\r\n        <span class=\"frm_required\" aria-hidden=\"true\"><\/span>\r\n    <\/label>\r\n    <input  type=\"text\" id=\"field_h7l0d5\" name=\"item_meta[122]\" value=\"\"  data-invmsg=\"Text ist ung\u00fcltig\" aria-invalid=\"false\"   \/>\r\n    \r\n    \r\n<\/div>\n<div id=\"frm_field_123_container\" class=\"frm_form_field form-field  frm_required_field frm_top_container frm12 frm_first vertical_radio\">\r\n    <div  id=\"field_rbrd5_label\" class=\"frm_primary_label\">Verarbeitung der Anmeldedaten\r\n        <span class=\"frm_required\" aria-hidden=\"true\">*<\/span>\r\n    <\/div>\r\n    <div class=\"frm_opt_container\" aria-labelledby=\"field_rbrd5_label\" role=\"radiogroup\" aria-required=\"true\">\t\t<div class=\"frm_radio\" id=\"frm_radio_123-0\">\t\t\t<label  for=\"field_rbrd5-0\">\n\t\t\t\t\t<input type=\"radio\" name=\"item_meta[123]\" id=\"field_rbrd5-0\" value=\"Ich willige ein in die Verarbeitung der angegebenen Daten. Diese werden ausschlie\u00dflich zum Zweck der Organisation und Ausf\u00fchrung der Veranstaltung gespeichert und verarbeitet,  anschlie\u00dfend werden sie wieder gel\u00f6scht. Die Daten werden nicht an Dritte weitergegeben.\"\n\t\t data-reqmsg=\"Dieses Feld darf nicht leer sein.\" data-invmsg=\"Verarbeitung der Anmeldedaten ist ung\u00fcltig\"   \/> Ich willige ein in die Verarbeitung der angegebenen Daten. Diese werden ausschlie\u00dflich zum Zweck der Organisation und Ausf\u00fchrung der Veranstaltung gespeichert und verarbeitet,  anschlie\u00dfend werden sie wieder gel\u00f6scht. Die Daten werden nicht an Dritte weitergegeben.<\/label><\/div>\n<\/div>\r\n    \r\n    \r\n<\/div>\n<div id=\"frm_field_124_container\" class=\"frm_form_field form-field \">\r\n\t<div class=\"frm_submit\">\r\n\r\n<button class=\"frm_button_submit frm_final_submit\" type=\"submit\"   formnovalidate=\"formnovalidate\">Anmelden<\/button>\r\n\r\n<\/div>\r\n<\/div>\n\t<input type=\"hidden\" name=\"item_key\" value=\"\" \/>\n\t\t\t<div id=\"frm_field_125_container\">\n\t\t\t<label for=\"field_lxcd6\" >\n\t\t\t\tFalls Du menschlich bist, lasse dieses Feld leer.\t\t\t<\/label>\n\t\t\t<input  id=\"field_lxcd6\" type=\"text\" class=\"frm_form_field form-field frm_verify\" name=\"item_meta[125]\" value=\"\"  \/>\n\t\t<\/div>\n\t\t<input name=\"frm_state\" type=\"hidden\" value=\"8iRPmfhkQd+zZ6BYEbo7LN1JvOCU3gOp38k4Ja90nKIKVShcPyWEV9zBA8efw2Fd\" \/><\/div>\n<\/fieldset>\n<\/div>\n\n<\/form>\n<\/div>\n[\/vc_column_text][\/vc_column][\/vc_row][\/vc_section]<\/p>\n<\/div>","protected":false},"excerpt":{"rendered":"<p>[vc_row full_width=&#8220;stretch_row_content&#8220;][vc_column][\/vc_column][\/vc_row][vc_section][vc_row disable_element=&#8220;yes&#8220;][vc_column][\/vc_column][\/vc_row][vc_row][vc_column][vc_column_text css=&#8220;&#8220;][\/vc_column_text][\/vc_column][\/vc_row][\/vc_section]<\/p>\n","protected":false},"author":1,"featured_media":0,"parent":0,"menu_order":8,"comment_status":"closed","ping_status":"closed","template":"","meta":{"_acf_changed":false,"footnotes":""},"class_list":["post-9340","page","type-page","status-publish","hentry"],"acf":[],"yoast_head":"<!-- This site is optimized with the Yoast SEO plugin v27.4 - https:\/\/yoast.com\/product\/yoast-seo-wordpress\/ -->\n<title>GIMA - Qualit\u00e4t aus Ton - Event<\/title>\n<meta name=\"robots\" content=\"index, follow, max-snippet:-1, max-image-preview:large, max-video-preview:-1\" \/>\n<link rel=\"canonical\" href=\"https:\/\/www.gima-ziegel.de\/de\/event\/\" \/>\n<meta property=\"og:locale\" content=\"de_DE\" \/>\n<meta property=\"og:type\" content=\"article\" \/>\n<meta property=\"og:title\" content=\"GIMA - Qualit\u00e4t aus Ton - Event\" \/>\n<meta property=\"og:description\" content=\"[vc_row full_width=&#8220;stretch_row_content&#8220;][vc_column][\/vc_column][\/vc_row][vc_section][vc_row disable_element=&#8220;yes&#8220;][vc_column][\/vc_column][\/vc_row][vc_row][vc_column][vc_column_text css=&#8220;&#8220;][\/vc_column_text][\/vc_column][\/vc_row][\/vc_section]\" \/>\n<meta property=\"og:url\" content=\"https:\/\/www.gima-ziegel.de\/de\/event\/\" \/>\n<meta property=\"og:site_name\" content=\"Gima\" \/>\n<meta property=\"article:modified_time\" content=\"2026-04-17T10:14:06+00:00\" \/>\n<meta name=\"twitter:card\" content=\"summary_large_image\" \/>\n<meta name=\"twitter:label1\" content=\"Gesch\u00e4tzte Lesezeit\" \/>\n\t<meta name=\"twitter:data1\" content=\"1\u00a0Minute\" \/>\n<script type=\"application\/ld+json\" class=\"yoast-schema-graph\">{\"@context\":\"https:\\\/\\\/schema.org\",\"@graph\":[{\"@type\":\"WebPage\",\"@id\":\"https:\\\/\\\/www.gima-ziegel.de\\\/de\\\/event\\\/\",\"url\":\"https:\\\/\\\/www.gima-ziegel.de\\\/de\\\/event\\\/\",\"name\":\"GIMA - Qualit\u00e4t aus Ton - Event\",\"isPartOf\":{\"@id\":\"https:\\\/\\\/www.gima-ziegel.de\\\/en\\\/#website\"},\"datePublished\":\"2022-10-26T08:29:45+00:00\",\"dateModified\":\"2026-04-17T10:14:06+00:00\",\"breadcrumb\":{\"@id\":\"https:\\\/\\\/www.gima-ziegel.de\\\/de\\\/event\\\/#breadcrumb\"},\"inLanguage\":\"de\",\"potentialAction\":[{\"@type\":\"ReadAction\",\"target\":[\"https:\\\/\\\/www.gima-ziegel.de\\\/de\\\/event\\\/\"]}]},{\"@type\":\"BreadcrumbList\",\"@id\":\"https:\\\/\\\/www.gima-ziegel.de\\\/de\\\/event\\\/#breadcrumb\",\"itemListElement\":[{\"@type\":\"ListItem\",\"position\":1,\"name\":\"Startseite\",\"item\":\"https:\\\/\\\/www.gima-ziegel.de\\\/de\\\/\"},{\"@type\":\"ListItem\",\"position\":2,\"name\":\"Event\"}]},{\"@type\":\"WebSite\",\"@id\":\"https:\\\/\\\/www.gima-ziegel.de\\\/en\\\/#website\",\"url\":\"https:\\\/\\\/www.gima-ziegel.de\\\/en\\\/\",\"name\":\"Gima\",\"description\":\"Qualit\u00e4t aus Ton\",\"potentialAction\":[{\"@type\":\"SearchAction\",\"target\":{\"@type\":\"EntryPoint\",\"urlTemplate\":\"https:\\\/\\\/www.gima-ziegel.de\\\/en\\\/?s={search_term_string}\"},\"query-input\":{\"@type\":\"PropertyValueSpecification\",\"valueRequired\":true,\"valueName\":\"search_term_string\"}}],\"inLanguage\":\"de\"}]}<\/script>\n<!-- \/ Yoast SEO plugin. -->","yoast_head_json":{"title":"GIMA - Qualit\u00e4t aus Ton - Event","robots":{"index":"index","follow":"follow","max-snippet":"max-snippet:-1","max-image-preview":"max-image-preview:large","max-video-preview":"max-video-preview:-1"},"canonical":"https:\/\/www.gima-ziegel.de\/de\/event\/","og_locale":"de_DE","og_type":"article","og_title":"GIMA - Qualit\u00e4t aus Ton - Event","og_description":"[vc_row full_width=&#8220;stretch_row_content&#8220;][vc_column][\/vc_column][\/vc_row][vc_section][vc_row disable_element=&#8220;yes&#8220;][vc_column][\/vc_column][\/vc_row][vc_row][vc_column][vc_column_text css=&#8220;&#8220;][\/vc_column_text][\/vc_column][\/vc_row][\/vc_section]","og_url":"https:\/\/www.gima-ziegel.de\/de\/event\/","og_site_name":"Gima","article_modified_time":"2026-04-17T10:14:06+00:00","twitter_card":"summary_large_image","twitter_misc":{"Gesch\u00e4tzte Lesezeit":"1\u00a0Minute"},"schema":{"@context":"https:\/\/schema.org","@graph":[{"@type":"WebPage","@id":"https:\/\/www.gima-ziegel.de\/de\/event\/","url":"https:\/\/www.gima-ziegel.de\/de\/event\/","name":"GIMA - Qualit\u00e4t aus Ton - Event","isPartOf":{"@id":"https:\/\/www.gima-ziegel.de\/en\/#website"},"datePublished":"2022-10-26T08:29:45+00:00","dateModified":"2026-04-17T10:14:06+00:00","breadcrumb":{"@id":"https:\/\/www.gima-ziegel.de\/de\/event\/#breadcrumb"},"inLanguage":"de","potentialAction":[{"@type":"ReadAction","target":["https:\/\/www.gima-ziegel.de\/de\/event\/"]}]},{"@type":"BreadcrumbList","@id":"https:\/\/www.gima-ziegel.de\/de\/event\/#breadcrumb","itemListElement":[{"@type":"ListItem","position":1,"name":"Startseite","item":"https:\/\/www.gima-ziegel.de\/de\/"},{"@type":"ListItem","position":2,"name":"Event"}]},{"@type":"WebSite","@id":"https:\/\/www.gima-ziegel.de\/en\/#website","url":"https:\/\/www.gima-ziegel.de\/en\/","name":"Gima","description":"Qualit\u00e4t aus Ton","potentialAction":[{"@type":"SearchAction","target":{"@type":"EntryPoint","urlTemplate":"https:\/\/www.gima-ziegel.de\/en\/?s={search_term_string}"},"query-input":{"@type":"PropertyValueSpecification","valueRequired":true,"valueName":"search_term_string"}}],"inLanguage":"de"}]}},"_links":{"self":[{"href":"https:\/\/www.gima-ziegel.de\/de\/wp-json\/wp\/v2\/pages\/9340","targetHints":{"allow":["GET"]}}],"collection":[{"href":"https:\/\/www.gima-ziegel.de\/de\/wp-json\/wp\/v2\/pages"}],"about":[{"href":"https:\/\/www.gima-ziegel.de\/de\/wp-json\/wp\/v2\/types\/page"}],"author":[{"embeddable":true,"href":"https:\/\/www.gima-ziegel.de\/de\/wp-json\/wp\/v2\/users\/1"}],"replies":[{"embeddable":true,"href":"https:\/\/www.gima-ziegel.de\/de\/wp-json\/wp\/v2\/comments?post=9340"}],"version-history":[{"count":47,"href":"https:\/\/www.gima-ziegel.de\/de\/wp-json\/wp\/v2\/pages\/9340\/revisions"}],"predecessor-version":[{"id":16462,"href":"https:\/\/www.gima-ziegel.de\/de\/wp-json\/wp\/v2\/pages\/9340\/revisions\/16462"}],"wp:attachment":[{"href":"https:\/\/www.gima-ziegel.de\/de\/wp-json\/wp\/v2\/media?parent=9340"}],"curies":[{"name":"wp","href":"https:\/\/api.w.org\/{rel}","templated":true}]}}